{"id":20,"date":"2026-02-05T10:14:07","date_gmt":"2026-02-05T10:14:07","guid":{"rendered":"https:\/\/abildgaardcoaching.dk\/?page_id=20"},"modified":"2026-02-13T12:41:33","modified_gmt":"2026-02-13T12:41:33","slug":"kontakt-abildgaard-coaching","status":"publish","type":"page","link":"https:\/\/abildgaardcoaching.dk\/?page_id=20","title":{"rendered":"Kontakt Abildgaard Coaching"},"content":{"rendered":"\n<h2 class=\"wp-block-heading\">Klar til at tage f\u00f8rste skridt?<\/h2>\n\n\n\n<p>Uanset om du har sp\u00f8rgsm\u00e5l til mine forl\u00f8b, priser eller bare vil h\u00f8re mere om, hvordan jeg kan hj\u00e6lpe dig, s\u00e5 er du altid velkommen til at tage kontakt.<br>Den bedste m\u00e5de at starte p\u00e5 er gennem en gratis og uforpligtende samtale<\/p>\n\n\n\n<p>Udfyld kontaktformularen og jeg vender tilbage hurtigst muligt.<\/p>\n\n\n\n<p>Alternativt kan du ringe til mig p\u00e5 <a href=\"tel: 60716945\">tel: 60716945<\/a><br>Eller booke den gratis afklarende samtale, hvor du v\u00e6lger den dag og tidspunkt, der bedst passer dig.<br>Tryk p\u00e5 linket, og du kommer direkte til systemet: <a href=\"https:\/\/abildgaard-coaching.planway.com\/\">https:\/\/abildgaard-coaching.planway.com\/<\/a><\/p>\n\n\n<style id=\"wpforms-css-vars-56-block-6dca84ca-cd21-4304-b240-9c5b5aca95f8\">\n\t\t\t\t#wpforms-56.wpforms-block-6dca84ca-cd21-4304-b240-9c5b5aca95f8 {\n\t\t\t\t--wpforms-field-size-input-height: 43px;\n--wpforms-field-size-input-spacing: 15px;\n--wpforms-field-size-font-size: 16px;\n--wpforms-field-size-line-height: 19px;\n--wpforms-field-size-padding-h: 14px;\n--wpforms-field-size-checkbox-size: 16px;\n--wpforms-field-size-sublabel-spacing: 5px;\n--wpforms-field-size-icon-size: 1;\n--wpforms-label-size-font-size: 16px;\n--wpforms-label-size-line-height: 19px;\n--wpforms-label-size-sublabel-font-size: 14px;\n--wpforms-label-size-sublabel-line-height: 17px;\n--wpforms-button-size-font-size: 17px;\n--wpforms-button-size-height: 41px;\n--wpforms-button-size-padding-h: 15px;\n--wpforms-button-size-margin-top: 10px;\n\t\t\t}\n\t\t\t<\/style><div class=\"wpforms-container wpforms-container-full wpforms-block wpforms-block-6dca84ca-cd21-4304-b240-9c5b5aca95f8 wpforms-render-modern\" id=\"wpforms-56\"><form id=\"wpforms-form-56\" class=\"wpforms-validate wpforms-form wpforms-ajax-form\" data-formid=\"56\" method=\"post\" enctype=\"multipart\/form-data\" action=\"\/index.php?rest_route=%2Fwp%2Fv2%2Fpages%2F20\" data-token=\"75118ea27bcd26fec5c386c354c80286\" data-token-time=\"1776343036\"><noscript class=\"wpforms-error-noscript\">Please enable JavaScript in your browser to complete this form.<\/noscript><div id=\"wpforms-error-noscript\" style=\"display: none;\">Please enable JavaScript in your browser to complete this form.<\/div><div class=\"wpforms-field-container\"><div id=\"wpforms-56-field_1-container\" class=\"wpforms-field wpforms-field-name\" data-field-id=\"1\"><label class=\"wpforms-field-label\" for=\"wpforms-56-field_1\">Navn <span class=\"wpforms-required-label\" aria-hidden=\"true\">*<\/span><\/label><input type=\"text\" id=\"wpforms-56-field_1\" class=\"wpforms-field-medium wpforms-field-required\" name=\"wpforms[fields][1]\" aria-errormessage=\"wpforms-56-field_1-error\" required><\/div><div id=\"wpforms-56-field_2-container\" class=\"wpforms-field wpforms-field-email\" data-field-id=\"2\"><label class=\"wpforms-field-label\" for=\"wpforms-56-field_2\">Email <span class=\"wpforms-required-label\" aria-hidden=\"true\">*<\/span><\/label><input type=\"email\" id=\"wpforms-56-field_2\" class=\"wpforms-field-medium wpforms-field-required\" name=\"wpforms[fields][2]\" spellcheck=\"false\" aria-errormessage=\"wpforms-56-field_2-error\" required><\/div>\t\t<div id=\"wpforms-56-field_4-container\"\n\t\t\tclass=\"wpforms-field wpforms-field-text\"\n\t\t\tdata-field-type=\"text\"\n\t\t\tdata-field-id=\"4\"\n\t\t\t>\n\t\t\t<label class=\"wpforms-field-label\" for=\"wpforms-56-field_4\" >Navn Din besked<\/label>\n\t\t\t<input type=\"text\" id=\"wpforms-56-field_4\" class=\"wpforms-field-medium\" name=\"wpforms[fields][4]\" >\n\t\t<\/div>\n\t\t<div id=\"wpforms-56-field_3-container\" class=\"wpforms-field wpforms-field-textarea\" data-field-id=\"3\"><label class=\"wpforms-field-label\" for=\"wpforms-56-field_3\">Din besked<\/label><textarea id=\"wpforms-56-field_3\" class=\"wpforms-field-medium\" name=\"wpforms[fields][3]\" aria-errormessage=\"wpforms-56-field_3-error\" ><\/textarea><\/div><script>\n\t\t\t\t( function() {\n\t\t\t\t\tconst style = document.createElement( 'style' );\n\t\t\t\t\tstyle.appendChild( document.createTextNode( '#wpforms-56-field_4-container { position: absolute !important; overflow: hidden !important; display: inline !important; height: 1px !important; width: 1px !important; z-index: -1000 !important; padding: 0 !important; } #wpforms-56-field_4-container input { visibility: hidden; } #wpforms-conversational-form-page #wpforms-56-field_4-container label { counter-increment: none; }' ) );\n\t\t\t\t\tdocument.head.appendChild( style );\n\t\t\t\t\tdocument.currentScript?.remove();\n\t\t\t\t} )();\n\t\t\t<\/script><\/div><!-- .wpforms-field-container --><div class=\"wpforms-submit-container\" ><input type=\"hidden\" name=\"wpforms[id]\" value=\"56\"><input type=\"hidden\" name=\"page_title\" value=\"\"><input type=\"hidden\" name=\"page_url\" value=\"https:\/\/abildgaardcoaching.dk\/index.php?rest_route=\/wp\/v2\/pages\/20\"><input type=\"hidden\" name=\"url_referer\" value=\"\"><button type=\"submit\" name=\"wpforms[submit]\" id=\"wpforms-submit-56\" class=\"wpforms-submit\" data-alt-text=\"Sender...\" data-submit-text=\"Send besked\" aria-live=\"assertive\" value=\"wpforms-submit\">Send besked<\/button><img loading=\"lazy\" decoding=\"async\" src=\"https:\/\/abildgaardcoaching.dk\/wp-content\/plugins\/wpforms-lite\/assets\/images\/submit-spin.svg\" class=\"wpforms-submit-spinner\" style=\"display: none;\" width=\"26\" height=\"26\" alt=\"Loading\"><\/div><\/form><\/div>  <!-- .wpforms-container -->\n\n\n<p><\/p>\n","protected":false},"excerpt":{"rendered":"<p>Klar til at tage f\u00f8rste skridt? Uanset om du har sp\u00f8rgsm\u00e5l til mine forl\u00f8b, priser eller bare vil h\u00f8re mere om, hvordan jeg kan hj\u00e6lpe dig, s\u00e5 er du altid &hellip; <\/p>\n","protected":false},"author":1,"featured_media":0,"parent":0,"menu_order":0,"comment_status":"closed","ping_status":"closed","template":"","meta":{"footnotes":""},"class_list":["post-20","page","type-page","status-publish","hentry"],"yoast_head":"<!-- This site is optimized with the Yoast SEO plugin v27.4 - https:\/\/yoast.com\/product\/yoast-seo-wordpress\/ -->\n<title>Kontakt Abildgaard Coaching - Abildgaard Coaching<\/title>\n<meta name=\"description\" content=\"Har du sp\u00f8rgsm\u00e5l til forl\u00f8b, priser eller bare vil h\u00f8re mere om, hvordan jeg kan hj\u00e6lpe dig. Send en mail eller ring til mig...\" \/>\n<meta name=\"robots\" content=\"index, follow, max-snippet:-1, max-image-preview:large, max-video-preview:-1\" \/>\n<link rel=\"canonical\" href=\"https:\/\/abildgaardcoaching.dk\/?page_id=20\" \/>\n<meta property=\"og:locale\" content=\"da_DK\" \/>\n<meta property=\"og:type\" content=\"article\" \/>\n<meta property=\"og:title\" content=\"Kontakt Abildgaard Coaching - Abildgaard Coaching\" \/>\n<meta property=\"og:description\" content=\"Har du sp\u00f8rgsm\u00e5l til forl\u00f8b, priser eller bare vil h\u00f8re mere om, hvordan jeg kan hj\u00e6lpe dig. Send en mail eller ring til mig...\" \/>\n<meta property=\"og:url\" content=\"https:\/\/abildgaardcoaching.dk\/?page_id=20\" \/>\n<meta property=\"og:site_name\" content=\"Abildgaard Coaching\" \/>\n<meta property=\"article:modified_time\" content=\"2026-02-13T12:41:33+00:00\" \/>\n<meta name=\"twitter:card\" content=\"summary_large_image\" \/>\n<meta name=\"twitter:label1\" content=\"Estimeret l\u00e6setid\" \/>\n\t<meta name=\"twitter:data1\" content=\"1 minut\" \/>\n<script type=\"application\/ld+json\" class=\"yoast-schema-graph\">{\"@context\":\"https:\\\/\\\/schema.org\",\"@graph\":[{\"@type\":\"WebPage\",\"@id\":\"https:\\\/\\\/abildgaardcoaching.dk\\\/?page_id=20\",\"url\":\"https:\\\/\\\/abildgaardcoaching.dk\\\/?page_id=20\",\"name\":\"Kontakt Abildgaard Coaching - Abildgaard Coaching\",\"isPartOf\":{\"@id\":\"https:\\\/\\\/abildgaardcoaching.dk\\\/#website\"},\"datePublished\":\"2026-02-05T10:14:07+00:00\",\"dateModified\":\"2026-02-13T12:41:33+00:00\",\"description\":\"Har du sp\u00f8rgsm\u00e5l til forl\u00f8b, priser eller bare vil h\u00f8re mere om, hvordan jeg kan hj\u00e6lpe dig. Send en mail eller ring til mig...\",\"breadcrumb\":{\"@id\":\"https:\\\/\\\/abildgaardcoaching.dk\\\/?page_id=20#breadcrumb\"},\"inLanguage\":\"da-DK\",\"potentialAction\":[{\"@type\":\"ReadAction\",\"target\":[\"https:\\\/\\\/abildgaardcoaching.dk\\\/?page_id=20\"]}]},{\"@type\":\"BreadcrumbList\",\"@id\":\"https:\\\/\\\/abildgaardcoaching.dk\\\/?page_id=20#breadcrumb\",\"itemListElement\":[{\"@type\":\"ListItem\",\"position\":1,\"name\":\"Hjem\",\"item\":\"https:\\\/\\\/abildgaardcoaching.dk\\\/\"},{\"@type\":\"ListItem\",\"position\":2,\"name\":\"Kontakt Abildgaard Coaching\"}]},{\"@type\":\"WebSite\",\"@id\":\"https:\\\/\\\/abildgaardcoaching.dk\\\/#website\",\"url\":\"https:\\\/\\\/abildgaardcoaching.dk\\\/\",\"name\":\"Abildgaard Coaching\",\"description\":\"Online Coach og kostvejleder . Hj\u00e6lper dig med varigt v\u00e6gttab, sunde vaner og personlig udvikling.\",\"potentialAction\":[{\"@type\":\"SearchAction\",\"target\":{\"@type\":\"EntryPoint\",\"urlTemplate\":\"https:\\\/\\\/abildgaardcoaching.dk\\\/?s={search_term_string}\"},\"query-input\":{\"@type\":\"PropertyValueSpecification\",\"valueRequired\":true,\"valueName\":\"search_term_string\"}}],\"inLanguage\":\"da-DK\"}]}<\/script>\n<!-- \/ Yoast SEO plugin. -->","yoast_head_json":{"title":"Kontakt Abildgaard Coaching - Abildgaard Coaching","description":"Har du sp\u00f8rgsm\u00e5l til forl\u00f8b, priser eller bare vil h\u00f8re mere om, hvordan jeg kan hj\u00e6lpe dig. Send en mail eller ring til mig...","robots":{"index":"index","follow":"follow","max-snippet":"max-snippet:-1","max-image-preview":"max-image-preview:large","max-video-preview":"max-video-preview:-1"},"canonical":"https:\/\/abildgaardcoaching.dk\/?page_id=20","og_locale":"da_DK","og_type":"article","og_title":"Kontakt Abildgaard Coaching - Abildgaard Coaching","og_description":"Har du sp\u00f8rgsm\u00e5l til forl\u00f8b, priser eller bare vil h\u00f8re mere om, hvordan jeg kan hj\u00e6lpe dig. Send en mail eller ring til mig...","og_url":"https:\/\/abildgaardcoaching.dk\/?page_id=20","og_site_name":"Abildgaard Coaching","article_modified_time":"2026-02-13T12:41:33+00:00","twitter_card":"summary_large_image","twitter_misc":{"Estimeret l\u00e6setid":"1 minut"},"schema":{"@context":"https:\/\/schema.org","@graph":[{"@type":"WebPage","@id":"https:\/\/abildgaardcoaching.dk\/?page_id=20","url":"https:\/\/abildgaardcoaching.dk\/?page_id=20","name":"Kontakt Abildgaard Coaching - Abildgaard Coaching","isPartOf":{"@id":"https:\/\/abildgaardcoaching.dk\/#website"},"datePublished":"2026-02-05T10:14:07+00:00","dateModified":"2026-02-13T12:41:33+00:00","description":"Har du sp\u00f8rgsm\u00e5l til forl\u00f8b, priser eller bare vil h\u00f8re mere om, hvordan jeg kan hj\u00e6lpe dig. Send en mail eller ring til mig...","breadcrumb":{"@id":"https:\/\/abildgaardcoaching.dk\/?page_id=20#breadcrumb"},"inLanguage":"da-DK","potentialAction":[{"@type":"ReadAction","target":["https:\/\/abildgaardcoaching.dk\/?page_id=20"]}]},{"@type":"BreadcrumbList","@id":"https:\/\/abildgaardcoaching.dk\/?page_id=20#breadcrumb","itemListElement":[{"@type":"ListItem","position":1,"name":"Hjem","item":"https:\/\/abildgaardcoaching.dk\/"},{"@type":"ListItem","position":2,"name":"Kontakt Abildgaard Coaching"}]},{"@type":"WebSite","@id":"https:\/\/abildgaardcoaching.dk\/#website","url":"https:\/\/abildgaardcoaching.dk\/","name":"Abildgaard Coaching","description":"Online Coach og kostvejleder . Hj\u00e6lper dig med varigt v\u00e6gttab, sunde vaner og personlig udvikling.","potentialAction":[{"@type":"SearchAction","target":{"@type":"EntryPoint","urlTemplate":"https:\/\/abildgaardcoaching.dk\/?s={search_term_string}"},"query-input":{"@type":"PropertyValueSpecification","valueRequired":true,"valueName":"search_term_string"}}],"inLanguage":"da-DK"}]}},"_links":{"self":[{"href":"https:\/\/abildgaardcoaching.dk\/index.php?rest_route=\/wp\/v2\/pages\/20","targetHints":{"allow":["GET"]}}],"collection":[{"href":"https:\/\/abildgaardcoaching.dk\/index.php?rest_route=\/wp\/v2\/pages"}],"about":[{"href":"https:\/\/abildgaardcoaching.dk\/index.php?rest_route=\/wp\/v2\/types\/page"}],"author":[{"embeddable":true,"href":"https:\/\/abildgaardcoaching.dk\/index.php?rest_route=\/wp\/v2\/users\/1"}],"replies":[{"embeddable":true,"href":"https:\/\/abildgaardcoaching.dk\/index.php?rest_route=%2Fwp%2Fv2%2Fcomments&post=20"}],"version-history":[{"count":3,"href":"https:\/\/abildgaardcoaching.dk\/index.php?rest_route=\/wp\/v2\/pages\/20\/revisions"}],"predecessor-version":[{"id":103,"href":"https:\/\/abildgaardcoaching.dk\/index.php?rest_route=\/wp\/v2\/pages\/20\/revisions\/103"}],"wp:attachment":[{"href":"https:\/\/abildgaardcoaching.dk\/index.php?rest_route=%2Fwp%2Fv2%2Fmedia&parent=20"}],"curies":[{"name":"wp","href":"https:\/\/api.w.org\/{rel}","templated":true}]}}